{"id":184,"date":"2024-09-02T14:45:39","date_gmt":"2024-09-02T14:45:39","guid":{"rendered":"https:\/\/musaonline.com.br\/?page_id=184"},"modified":"2026-02-05T15:16:46","modified_gmt":"2026-02-05T15:16:46","slug":"about","status":"publish","type":"page","link":"https:\/\/musaonline.com.br\/es\/about\/","title":{"rendered":"En"},"content":{"rendered":"<div class=\"mx-5 sm:mx-0 prose leading-relaxed text-lg mb-5 text-left wp-paragraph\">\n<p>Nodo <strong>Musa en l\u00ednea (<a target=\"_blank\" rel=\"noreferrer noopener\" href=\"https:\/\/musaonline.com.br\/es\/\">https:\/\/musaonline.com.br\/<\/a>)<\/strong>Nuestra filosof\u00eda es que la tecnolog\u00eda debe servir como una extensi\u00f3n de la creatividad y la eficiencia humanas. Vivimos en un mundo saturado de opciones digitales; nuestra misi\u00f3n es filtrar este ruido y ofrecer el contenido m\u00e1s relevante, funcional e inspirador en el universo de las aplicaciones y herramientas tecnol\u00f3gicas.<\/p>\n<\/div><div class=\"mx-5 sm:mx-0 prose leading-relaxed text-lg mb-5 text-left wp-paragraph\">\n<p>El nombre &quot;Musa&quot; refleja nuestra b\u00fasqueda de guiar al usuario en su viaje digital. Queremos ser la fuente de informaci\u00f3n que no solo explica c\u00f3mo funciona una herramienta, sino tambi\u00e9n c\u00f3mo puede mejorar tu rutina, ya sea en el trabajo, en tu tiempo libre o para la seguridad de tu familia.<\/p>\n<\/div><div class=\"mx-5 sm:mx-0 prose leading-relaxed text-lg mb-5 text-left wp-paragraph\">\n<p><strong>Nuestro papel est\u00e1 definido por la independencia:<\/strong> No desarrollamos software ni vendemos productos. Somos una plataforma de publicaci\u00f3n dedicada a... <strong>curar, probar y simplificar<\/strong> Tecnolog\u00eda para el p\u00fablico brasile\u00f1o.<\/p>\n<\/div><!--advertisement--><div class=\"mx-5 sm:mx-0 sm:text-3xl text-2xl font-medium title-font mb-4 text-gray-900 text-left\">\n<h3 class=\"wp-block-heading\">Nuestra visi\u00f3n<\/h3>\n<\/div><div class=\"mx-5 sm:mx-0 prose leading-relaxed text-lg mb-5 text-left wp-paragraph\">\n<p>El ecosistema digital est\u00e1 en constante transformaci\u00f3n. Surgen nuevas aplicaciones a diario y el impacto de la Inteligencia Artificial est\u00e1 redefiniendo nuestros dispositivos. <strong>Muse Online<\/strong> Fue creado para garantizar que usted no sea s\u00f3lo un espectador de estos cambios, sino un usuario consciente y empoderado.<\/p>\n<\/div><div class=\"mx-5 sm:mx-0 prose leading-relaxed text-lg mb-5 text-left wp-paragraph\">\n<p>Nos centramos en los pilares que definen nuestra credibilidad:<\/p>\n<\/div><div class=\"mx-5 sm:mx-0 prose text-left mb-5\">\n<ul><div class=\"mx-5 sm:mx-0 prose text-left mb-5\">\n<li><strong>Curaci\u00f3n especializada:<\/strong> No lo enumeramos todo; enumeramos lo importante. Analizamos la utilidad real de cada herramienta antes de recomendarla.<\/li>\n<\/div>\n\n<div class=\"mx-5 sm:mx-0 prose text-left mb-5\">\n<li><strong>Lenguaje accesible:<\/strong> Hemos traducido la &quot;charla t\u00e9cnica&quot; en una comunicaci\u00f3n directa y educativa, garantizando que los usuarios de todas las edades puedan beneficiarse de nuestros consejos.<\/li>\n<\/div>\n\n<div class=\"mx-5 sm:mx-0 prose text-left mb-5\">\n<li><strong>Independencia editorial:<\/strong> Nuestra lealtad es con el lector. Nuestros an\u00e1lisis se basan en investigaciones independientes, sin influencia comercial de desarrolladores ni marcas.<\/li>\n<\/div><\/ul>\n<\/div><!--advertisement--><div class=\"mx-5 sm:mx-0 sm:text-3xl text-2xl font-medium title-font mb-4 text-gray-900 text-left\">\n<h3 class=\"wp-block-heading\">El universo de Musa Online<\/h3>\n<\/div><div class=\"mx-5 sm:mx-0 prose leading-relaxed text-lg mb-5 text-left wp-paragraph\">\n<p>Exploramos diversas facetas del mundo tecnol\u00f3gico para ofrecer a nuestros visitantes una gu\u00eda completa:<\/p>\n<\/div><div class=\"mx-5 sm:mx-0 prose leading-relaxed text-lg mb-5 text-left wp-paragraph\">\n<p><strong>Ecosistema de aplicaciones<\/strong> Exploramos el amplio mercado de aplicaciones para Android e iOS, seleccionando las mejores soluciones para productividad, finanzas, edici\u00f3n de im\u00e1genes y seguridad. Nuestras comparaciones se centran en la experiencia del usuario y el valor que la herramienta aporta a tu vida diaria.<\/p>\n<\/div><div class=\"mx-5 sm:mx-0 prose leading-relaxed text-lg mb-5 text-left wp-paragraph\">\n<p><strong>\u2699\ufe0f Tutoriales y Maestr\u00eda Digital<\/strong> Creemos que el conocimiento es la mejor herramienta de seguridad. Ofrecemos gu\u00edas paso a paso sobre la configuraci\u00f3n de privacidad, la optimizaci\u00f3n del sistema y el uso responsable de la nube, para ayudarle a sacar el m\u00e1ximo rendimiento a sus dispositivos.<\/p>\n<\/div><div class=\"mx-5 sm:mx-0 prose leading-relaxed text-lg mb-5 text-left wp-paragraph\">\n<p><strong>\ud83c\udfae Juegos y comunidades virtuales<\/strong> Entendemos la importancia cultural y recreativa de plataformas como la <strong>Roblox<\/strong>Por eso, hemos dedicado una secci\u00f3n exclusiva a guiar a jugadores y padres a trav\u00e9s de la mec\u00e1nica del juego, las actualizaciones del sistema y, sobre todo, los protocolos. <strong>seguridad digital para menores<\/strong>.<\/p>\n<\/div><!--advertisement--><div class=\"mx-5 sm:mx-0 sm:text-3xl text-2xl font-medium title-font mb-4 text-gray-900 text-left\">\n<h3 class=\"wp-block-heading\">\u26a0\ufe0f Transparencia y l\u00edmites de acci\u00f3n<\/h3>\n<\/div><div class=\"mx-5 sm:mx-0 prose leading-relaxed text-lg mb-5 text-left wp-paragraph\">\n<p>Para garantizar una experiencia \u00e9tica, hemos definido claramente nuestros l\u00edmites:<\/p>\n<\/div><div class=\"mx-5 sm:mx-0 prose text-left mb-5\">\n<ul><div class=\"mx-5 sm:mx-0 prose text-left mb-5\">\n<li><strong>Independencia del desarrollo:<\/strong> EL <strong>Muse Online<\/strong> No somos los propietarios ni los desarrolladores de ninguno de los programas mencionados.<\/li>\n<\/div>\n\n<div class=\"mx-5 sm:mx-0 prose text-left mb-5\">\n<li><strong>Responsabilidad de terceros:<\/strong> Los cambios en las caracter\u00edsticas, precios o disponibilidad de la aplicaci\u00f3n son responsabilidad exclusiva de sus respectivos desarrolladores.<\/li>\n<\/div>\n\n<div class=\"mx-5 sm:mx-0 prose text-left mb-5\">\n<li><strong>Exenci\u00f3n de soporte:<\/strong> Como portal informativo, no ofrecemos asistencia t\u00e9cnica, recuperaci\u00f3n de contrase\u00f1a ni soporte para fallas de hardware o aplicaciones de terceros.<\/li>\n<\/div><\/ul>\n<\/div><!--advertisement--><div class=\"mx-5 sm:mx-0 sm:text-3xl text-2xl font-medium title-font mb-4 text-gray-900 text-left\">\n<h3 class=\"wp-block-heading\">Nuestro compromiso<\/h3>\n<\/div><div class=\"mx-5 sm:mx-0 prose leading-relaxed text-lg mb-5 text-left wp-paragraph\">\n<p>EL <strong>Muse Online<\/strong> Nos impulsa la transparencia. En un contexto donde la desinformaci\u00f3n es com\u00fan, nos comprometemos a ofrecer datos verificados, fechas de actualizaci\u00f3n claras en nuestras publicaciones y una postura neutral hacia las marcas.<\/p>\n<\/div><div class=\"mx-5 sm:mx-0 prose leading-relaxed text-lg mb-5 text-left wp-paragraph\">\n<p>Ya sea que sea un entusiasta de la tecnolog\u00eda que busca la \u00faltima innovaci\u00f3n en inteligencia artificial o un padre preocupado por configurar un entorno digital seguro para su hijo en Roblox, <strong>Muse Online<\/strong> Est\u00e1 aqu\u00ed para inspirar tu confianza y facilitar tus elecciones tecnol\u00f3gicas.<\/p>\n<\/div>","protected":false},"excerpt":{"rendered":"<p>No Musa Online (https:\/\/musaonline.com.br\/), nossa filosofia \u00e9 que a tecnologia deve servir como uma extens\u00e3o da criatividade e da efici\u00eancia humana. Vivemos em um mundo saturado de op\u00e7\u00f5es digitais; nossa miss\u00e3o \u00e9 filtrar esse ru\u00eddo e entregar o que h\u00e1 de mais relevante, funcional e inspirador no universo dos aplicativos e ferramentas tecnol\u00f3gicas. O nome&hellip; <a class=\"more-link\" href=\"https:\/\/musaonline.com.br\/es\/about\/\">Sigue leyendo <span class=\"screen-reader-text\">En<\/span><\/a><\/p>","protected":false},"author":29,"featured_media":0,"parent":0,"menu_order":0,"comment_status":"closed","ping_status":"closed","template":"","meta":{"footnotes":""},"yoast_head":"<!-- This site is optimized with the Yoast SEO Premium plugin v18.7 (Yoast SEO v23.3) - https:\/\/yoast.com\/wordpress\/plugins\/seo\/ -->\n<title>Sobre - Musa Online<\/title>\n<meta name=\"robots\" content=\"index, follow, max-snippet:-1, max-image-preview:large, max-video-preview:-1\" \/>\n<link rel=\"canonical\" href=\"https:\/\/musaonline.com.br\/es\/about\/\" \/>\n<meta property=\"og:locale\" content=\"es_MX\" \/>\n<meta property=\"og:type\" content=\"article\" \/>\n<meta property=\"og:title\" content=\"Sobre\" \/>\n<meta property=\"og:description\" content=\"No Musa Online (https:\/\/musaonline.com.br\/), nossa filosofia \u00e9 que a tecnologia deve servir como uma extens\u00e3o da criatividade e da efici\u00eancia humana. Vivemos em um mundo saturado de op\u00e7\u00f5es digitais; nossa miss\u00e3o \u00e9 filtrar esse ru\u00eddo e entregar o que h\u00e1 de mais relevante, funcional e inspirador no universo dos aplicativos e ferramentas tecnol\u00f3gicas. O nome&hellip; Continue reading Sobre\" \/>\n<meta property=\"og:url\" content=\"https:\/\/musaonline.com.br\/es\/about\/\" \/>\n<meta property=\"og:site_name\" content=\"Musa Online\" \/>\n<meta property=\"article:modified_time\" content=\"2026-02-05T15:16:46+00:00\" \/>\n<meta name=\"twitter:card\" content=\"summary_large_image\" \/>\n<meta name=\"twitter:label1\" content=\"Est. reading time\" \/>\n\t<meta name=\"twitter:data1\" content=\"4 minutos\" \/>\n<script type=\"application\/ld+json\" class=\"yoast-schema-graph\">{\"@context\":\"https:\/\/schema.org\",\"@graph\":[{\"@type\":\"WebPage\",\"@id\":\"https:\/\/musaonline.com.br\/about\/\",\"url\":\"https:\/\/musaonline.com.br\/about\/\",\"name\":\"Sobre - Musa Online\",\"isPartOf\":{\"@id\":\"https:\/\/musaonline.com.br\/#website\"},\"datePublished\":\"2024-09-02T14:45:39+00:00\",\"dateModified\":\"2026-02-05T15:16:46+00:00\",\"breadcrumb\":{\"@id\":\"https:\/\/musaonline.com.br\/about\/#breadcrumb\"},\"inLanguage\":\"es-MX\",\"potentialAction\":[{\"@type\":\"ReadAction\",\"target\":[\"https:\/\/musaonline.com.br\/about\/\"]}]},{\"@type\":\"BreadcrumbList\",\"@id\":\"https:\/\/musaonline.com.br\/about\/#breadcrumb\",\"itemListElement\":[{\"@type\":\"ListItem\",\"position\":1,\"name\":\"Home\",\"item\":\"https:\/\/musaonline.com.br\/\"},{\"@type\":\"ListItem\",\"position\":2,\"name\":\"Sobre\"}]},{\"@type\":\"WebSite\",\"@id\":\"https:\/\/musaonline.com.br\/#website\",\"url\":\"https:\/\/musaonline.com.br\/\",\"name\":\"Musa Online\",\"description\":\"\",\"potentialAction\":[{\"@type\":\"SearchAction\",\"target\":{\"@type\":\"EntryPoint\",\"urlTemplate\":\"https:\/\/musaonline.com.br\/?s={search_term_string}\"},\"query-input\":\"required name=search_term_string\"}],\"inLanguage\":\"es-MX\"}]}<\/script>\n<!-- \/ Yoast SEO Premium plugin. -->","yoast_head_json":{"title":"Sobre - Musa Online","robots":{"index":"index","follow":"follow","max-snippet":"max-snippet:-1","max-image-preview":"max-image-preview:large","max-video-preview":"max-video-preview:-1"},"canonical":"https:\/\/musaonline.com.br\/es\/about\/","og_locale":"es_MX","og_type":"article","og_title":"Sobre","og_description":"No Musa Online (https:\/\/musaonline.com.br\/), nossa filosofia \u00e9 que a tecnologia deve servir como uma extens\u00e3o da criatividade e da efici\u00eancia humana. Vivemos em um mundo saturado de op\u00e7\u00f5es digitais; nossa miss\u00e3o \u00e9 filtrar esse ru\u00eddo e entregar o que h\u00e1 de mais relevante, funcional e inspirador no universo dos aplicativos e ferramentas tecnol\u00f3gicas. O nome&hellip; Continue reading Sobre","og_url":"https:\/\/musaonline.com.br\/es\/about\/","og_site_name":"Musa Online","article_modified_time":"2026-02-05T15:16:46+00:00","twitter_card":"summary_large_image","twitter_misc":{"Est. reading time":"4 minutos"},"schema":{"@context":"https:\/\/schema.org","@graph":[{"@type":"WebPage","@id":"https:\/\/musaonline.com.br\/about\/","url":"https:\/\/musaonline.com.br\/about\/","name":"Sobre - Musa Online","isPartOf":{"@id":"https:\/\/musaonline.com.br\/#website"},"datePublished":"2024-09-02T14:45:39+00:00","dateModified":"2026-02-05T15:16:46+00:00","breadcrumb":{"@id":"https:\/\/musaonline.com.br\/about\/#breadcrumb"},"inLanguage":"es-MX","potentialAction":[{"@type":"ReadAction","target":["https:\/\/musaonline.com.br\/about\/"]}]},{"@type":"BreadcrumbList","@id":"https:\/\/musaonline.com.br\/about\/#breadcrumb","itemListElement":[{"@type":"ListItem","position":1,"name":"Home","item":"https:\/\/musaonline.com.br\/"},{"@type":"ListItem","position":2,"name":"Sobre"}]},{"@type":"WebSite","@id":"https:\/\/musaonline.com.br\/#website","url":"https:\/\/musaonline.com.br\/","name":"Musa Online","description":"","potentialAction":[{"@type":"SearchAction","target":{"@type":"EntryPoint","urlTemplate":"https:\/\/musaonline.com.br\/?s={search_term_string}"},"query-input":"required name=search_term_string"}],"inLanguage":"es-MX"}]}},"_links":{"self":[{"href":"https:\/\/musaonline.com.br\/es\/wp-json\/wp\/v2\/pages\/184"}],"collection":[{"href":"https:\/\/musaonline.com.br\/es\/wp-json\/wp\/v2\/pages"}],"about":[{"href":"https:\/\/musaonline.com.br\/es\/wp-json\/wp\/v2\/types\/page"}],"author":[{"embeddable":true,"href":"https:\/\/musaonline.com.br\/es\/wp-json\/wp\/v2\/users\/29"}],"replies":[{"embeddable":true,"href":"https:\/\/musaonline.com.br\/es\/wp-json\/wp\/v2\/comments?post=184"}],"version-history":[{"count":2,"href":"https:\/\/musaonline.com.br\/es\/wp-json\/wp\/v2\/pages\/184\/revisions"}],"predecessor-version":[{"id":7026,"href":"https:\/\/musaonline.com.br\/es\/wp-json\/wp\/v2\/pages\/184\/revisions\/7026"}],"wp:attachment":[{"href":"https:\/\/musaonline.com.br\/es\/wp-json\/wp\/v2\/media?parent=184"}],"curies":[{"name":"wp","href":"https:\/\/api.w.org\/{rel}","templated":true}]}}